{"id":1351,"date":"2017-01-19T14:32:34","date_gmt":"2017-01-19T13:32:34","guid":{"rendered":"https:\/\/toptransfer.at\/?page_id=1351"},"modified":"2023-08-01T12:32:23","modified_gmt":"2023-08-01T10:32:23","slug":"impressum","status":"publish","type":"page","link":"https:\/\/toptransfer.at\/?page_id=1351","title":{"rendered":"Impressum"},"content":{"rendered":"<p>[et_pb_section fb_built=&#8220;1&#8243; admin_label=&#8220;section&#8220; _builder_version=&#8220;4.16&#8243; global_colors_info=&#8220;{}&#8220;][et_pb_row admin_label=&#8220;row&#8220; _builder_version=&#8220;4.16&#8243; background_size=&#8220;initial&#8220; background_position=&#8220;top_left&#8220; background_repeat=&#8220;repeat&#8220; global_colors_info=&#8220;{}&#8220;][et_pb_column type=&#8220;4_4&#8243; _builder_version=&#8220;4.16&#8243; custom_padding=&#8220;|||&#8220; global_colors_info=&#8220;{}&#8220; custom_padding__hover=&#8220;|||&#8220;][et_pb_text _builder_version=&#8220;4.16&#8243; link_text_color=&#8220;#2d2d2d&#8220; background_size=&#8220;initial&#8220; background_position=&#8220;top_left&#8220; background_repeat=&#8220;repeat&#8220; use_border_color=&#8220;off&#8220; global_colors_info=&#8220;{}&#8220;]<\/p>\n<h2>top transfer training\u00a0&amp; coaching<\/h2>\n<p><span class=\"leadin\"><\/span><\/p>\n<p><span class=\"leadin\">DI Marco Amminger<br \/>Steinm\u00fchlgasse 17<br \/>A-7301 Deutschkreutz<br \/><\/span><\/p>\n<p><strong>Zweigstelle:<\/strong><br \/>Alser Stra\u00dfe 21 \/ 2. Stock \/ T\u00fcr 8<br \/>1080 Wien<\/p>\n<p><strong>Kontakt:<\/strong><br \/><a id=\"rw_sidebar_contact\" href=\"mailto:office@toptransfer.at\">E-Mail: office@toptransfer.at<br \/><\/a>Telefon: +43 650 776 53 58<\/p>\n<p><strong><span>Umsatzsteuer-Identifikationsnummer gem\u00e4\u00df \u00a7 27 a Umsatzsteuergesetz:<\/span><\/strong><br \/>ATU57439203<\/p>\n<p><span><strong>Berufsbezeichnung:<\/strong><\/span><span> Trainer, Coach &amp; Moderator<\/span><\/p>\n<p><span><strong>Gewerbebeh\u00f6rde:<\/strong>\u00a0<\/span><span>Bezirkshauptmannschaft Oberwart<\/span><br \/><span><strong>Verleihungsstaat:<\/strong><\/span><span>\u00a0\u00d6STERREICH<\/span><\/p>\n<p><span><strong>F\u00fcr Konzeption &amp; Inhalt verantwortlich:<\/strong><\/span><br \/><span>Marco Amminger<\/span><\/p>\n<p><strong>Standesvertretung:<\/strong><br \/>Wirtschaftskammer Burgenland,<br \/>&#8211; Fachgruppe UBIT und<br \/>&#8211; Fachgruppe f\u00fcr Personenberatung und Personenbetreuung (LSB)<\/p>\n<p><span><strong>EU-Streitschlichtung<\/strong><\/span><br \/>Angaben zur Online-Streitbeilegung: Verbraucher haben die M\u00f6glichkeit, Beschwerden an die Online-Streitbeilegungsplattform der EU zu richten: http:\/\/ec.europa.eu\/odr. Sie k\u00f6nnen allf\u00e4llige Beschwerde auch an die oben angegebene E-Mail-Adresse richten. Wir m\u00f6chten Sie jedoch darauf hinweisen, dass wir nicht bereit oder verpflichtet sind, an Streitbeilegungsverfahren vor einer Verbraucherschlichtungsstelle teilzunehmen.<\/p>\n<p><span><strong>Haftung f\u00fcr Inhalte dieser Webseite<\/strong><\/span><br \/>Wir entwickeln die Inhalte dieser Webseite st\u00e4ndig weiter und bem\u00fchen uns, korrekte und aktuelle Informationen bereitzustellen. Leider k\u00f6nnen wir keine Haftung f\u00fcr die Korrektheit aller Inhalte auf dieser Webseite \u00fcbernehmen, speziell f\u00fcr jene, die seitens Dritter bereitgestellt wird. Sollten Ihnen problematische oder rechtswidrige Inhalte auffallen, bitten wir Sie, uns umgehend zu kontaktieren, Sie finden die Kontaktdaten im Impressum.<\/p>\n<p><span><strong>Haftung f\u00fcr Links auf dieser Webseite<\/strong><\/span><br \/>Unsere Webseite enth\u00e4lt Links zu anderen Webseiten, f\u00fcr deren Inhalt wir nicht verantwortlich sind. Wenn Ihnen rechtswidrige Links auf unserer Webseite auffallen, bitten wir Sie uns zu kontaktieren, Sie finden die Kontaktdaten im Impressum.<\/p>\n<p><span><strong>Urheberrechtshinweis<\/strong><\/span><br \/>Alle Inhalte dieser Webseite (Bilder, Fotos, Texte, Videos) unterliegen dem Urheberrecht. Falls notwendig, werden wir die unerlaubte Nutzung von Teilen der Inhalte unserer Seite rechtlich verfolgen.<\/p>\n<p><strong>Bildernachweis:<\/strong><br \/>Fotolia,\u00a0Georg Wilke, KCG, Marco Amminger und Referenzgeber<\/p>\n<p><strong>AGB:<\/strong><br \/><a href=\"https:\/\/toptransfer.at\/wp-content\/uploads\/unternehmensberatung-agb.pdf\" target=\"_blank\" rel=\"noopener\">Allgemeine Gesch\u00e4ftsbedingungen f\u00fcr Unternehmensberater (WKO)<\/a><\/p>\n<p>&nbsp;<\/p>\n<p>[\/et_pb_text][\/et_pb_column][\/et_pb_row][\/et_pb_section]<\/p>\n","protected":false},"excerpt":{"rendered":"<p>top transfer training\u00a0&amp; coaching DI Marco AmmingerSteinm\u00fchlgasse 17A-7301 Deutschkreutz Zweigstelle:Alser Stra\u00dfe 21 \/ 2. Stock \/ T\u00fcr 81080 Wien Kontakt:E-Mail: office@toptransfer.atTelefon: +43 650 776 53 58 Umsatzsteuer-Identifikationsnummer gem\u00e4\u00df \u00a7 27 a Umsatzsteuergesetz:ATU57439203 Berufsbezeichnung: Trainer, Coach &amp; Moderator Gewerbebeh\u00f6rde:\u00a0Bezirkshauptmannschaft OberwartVerleihungsstaat:\u00a0\u00d6STERREICH F\u00fcr Konzeption &amp; Inhalt verantwortlich:Marco Amminger Standesvertretung:Wirtschaftskammer Burgenland,- Fachgruppe UBIT und- Fachgruppe f\u00fcr Personenberatung und Personenbetreuung [&hellip;]<\/p>\n","protected":false},"author":1,"featured_media":0,"parent":0,"menu_order":0,"comment_status":"closed","ping_status":"closed","template":"","meta":{"_et_pb_use_builder":"on","_et_pb_old_content":"","_et_gb_content_width":"","footnotes":""},"class_list":["post-1351","page","type-page","status-publish","hentry"],"_links":{"self":[{"href":"https:\/\/toptransfer.at\/index.php?rest_route=\/wp\/v2\/pages\/1351","targetHints":{"allow":["GET"]}}],"collection":[{"href":"https:\/\/toptransfer.at\/index.php?rest_route=\/wp\/v2\/pages"}],"about":[{"href":"https:\/\/toptransfer.at\/index.php?rest_route=\/wp\/v2\/types\/page"}],"author":[{"embeddable":true,"href":"https:\/\/toptransfer.at\/index.php?rest_route=\/wp\/v2\/users\/1"}],"replies":[{"embeddable":true,"href":"https:\/\/toptransfer.at\/index.php?rest_route=%2Fwp%2Fv2%2Fcomments&post=1351"}],"version-history":[{"count":20,"href":"https:\/\/toptransfer.at\/index.php?rest_route=\/wp\/v2\/pages\/1351\/revisions"}],"predecessor-version":[{"id":2387,"href":"https:\/\/toptransfer.at\/index.php?rest_route=\/wp\/v2\/pages\/1351\/revisions\/2387"}],"wp:attachment":[{"href":"https:\/\/toptransfer.at\/index.php?rest_route=%2Fwp%2Fv2%2Fmedia&parent=1351"}],"curies":[{"name":"wp","href":"https:\/\/api.w.org\/{rel}","templated":true}]}}